{"id":3149,"date":"2026-03-03T11:47:36","date_gmt":"2026-03-03T11:47:36","guid":{"rendered":"https:\/\/naturadent.lionstackailab.hu\/?page_id=3149"},"modified":"2026-03-03T11:48:08","modified_gmt":"2026-03-03T11:48:08","slug":"jogi-nyilatkozat","status":"publish","type":"page","link":"https:\/\/naturadent.lionstackailab.hu\/en\/jogi-nyilatkozat\/","title":{"rendered":"Legal declaration"},"content":{"rendered":"<p>&nbsp;<\/p>\n<p>Tisztelt L\u00e1togat\u00f3nk! Az \u00d6n \u00e1ltal most megnyitott weboldal egy olyan webdokumentum, mely megfelel a World Wide Web sz\u00e1m\u00e1ra, \u00e9s alkalmas arra, hogy egy\u00a0<a href=\"https:\/\/hu.wikipedia.org\/wiki\/Webb%C3%B6ng%C3%A9sz%C5%91\">webb\u00f6ng\u00e9sz\u0151<\/a>\u00a0megjelen\u00edtse. K\u00e9rj\u00fck, hogy a weboldal haszn\u00e1lata el\u0151tt olvassa el figyelmesen ezt a Jogi nyilatkozatot. Ez a Jogi nyilatkozat szab\u00e1lyozza a weboldal \u00e9s a rajta szerepl\u0151 valamennyi anyag \u00d6n \u00e1ltali haszn\u00e1lat\u00e1t. A weboldal megnyit\u00e1s\u00e1val \u00d6n egyben elfogadja azt, hogy a jelen Jogi nyilatkozat k\u00f6telezi \u00d6nt. Ha nem \u00e9rt egyet a Jogi nyilatkozatban foglaltakkal, k\u00e9rj\u00fck ne haszn\u00e1lja a weboldalt. A weboldalt a\u00a0<strong>NaturaDENT Service Fog\u00e1szati, Kereskedelmi \u00e9s Szolg\u00e1ltat\u00f3 Kft.<\/strong>\u00a0(sz\u00e9khelye: 1056 Budapest, V\u00e1ci u. 81.); K\u00e9pvisel\u0151: Papp Zsolt J\u00f3zsef, C\u00e9gjegyz\u00e9ksz\u00e1m: 01-09-969917, Ad\u00f3sz\u00e1m: 14290321-1-41) \u00fczemelteti. A weboldal haszn\u00e1lat\u00e1nak felt\u00e9tele, hogy a felhaszn\u00e1l\u00f3 el\u0151zetesen elolvassa \u00e9s elfogadja a jelen Jogi nyilatkozatban szab\u00e1lyozottakat. A felhaszn\u00e1l\u00f3 a weboldalra t\u00f6rt\u00e9n\u0151 bel\u00e9p\u00e9ssel elismeri, hogy a jelen Jogi nyilatkozatban foglalt felt\u00e9teleket megismerte, annak rendelkez\u00e9seit mag\u00e1ra n\u00e9zve k\u00f6telez\u0151nek fogadja el. A weboldalon tal\u00e1lhat\u00f3 inform\u00e1ci\u00f3 magyar nyelven olvashat\u00f3. \u00dcgyf\u00e9lszolg\u00e1latunk a +36 1 789 0690 telefonsz\u00e1mon, vagy az info@naturadent.hu elektronikus postafi\u00f3kon k\u00e9szs\u00e9ggel ad felvil\u00e1gos\u00edt\u00e1st a weboldal tartalma, illetve az al\u00e1bbiakban le\u00edrt fogalmak jobb meg\u00e9rt\u00e9s\u00e9hez.<\/p>\n<p>&nbsp;<\/p>\n<p>&nbsp;<\/p>\n<h2><strong>1. Adatkezel\u00e9si szab\u00e1lyok<\/strong><\/h2>\n<p>A weboldalon kereszt\u00fcl megadott szem\u00e9lyes adatok, p\u00e9ld\u00e1ul n\u00e9v, telefonsz\u00e1m, \u00e9s e-mail c\u00edm haszn\u00e1lata teljes m\u00e9rt\u00e9kben az \u00fczemeltet\u0151 Adatkezel\u00e9si T\u00e1j\u00e9koztat\u00f3j\u00e1ban megfelel\u0151en t\u00f6rt\u00e9nik. K\u00e9rj\u00fck,\u00a0<a title=\"https:\/\/naturadent.hu\/adatvedelmi-nyilatkozat\" href=\"https:\/\/naturadent.hu\/adatvedelmi-nyilatkozat\" target=\"_blank\" rel=\"noopener\">figyelmesen olvassa el ezt a T\u00e1j\u00e9koztat\u00f3t<\/a>, miel\u0151tt b\u00e1rmilyen inform\u00e1ci\u00f3t a rendelkez\u00e9s\u00fcnkre bocs\u00e1tana. Szerver\u00fcnk a weboldalra t\u00f6rt\u00e9n\u0151 bel\u00e9p\u00e9skor automatikusan napl\u00f3zza a felhaszn\u00e1l\u00f3k IP-c\u00edm\u00e9t, az \u00e1ltaluk haszn\u00e1lt oper\u00e1ci\u00f3s rendszer \u00e9s b\u00f6ng\u00e9sz\u0151program t\u00edpus\u00e1t \u00e9s n\u00e9h\u00e1ny m\u00e1s inform\u00e1ci\u00f3t. Ezeket az inform\u00e1ci\u00f3kat kiz\u00e1r\u00f3lag \u00f6sszes\u00edtett \u00e9s feldolgozott form\u00e1ban hasznos\u00edtjuk szolg\u00e1ltat\u00e1saink esetleges hib\u00e1inak kijav\u00edt\u00e1sa, min\u0151s\u00e9g\u00fck jav\u00edt\u00e1sa \u00e9rdek\u00e9ben, valamint statisztikai c\u00e9lokra. Az IP-c\u00edm \u00e9s a napl\u00f3f\u00e1jl egyes esetekben szem\u00e9lyes adatnak min\u0151s\u00fclhet. A weboldal \u00e9s az ott el\u00e9rhet\u0151 szolg\u00e1ltat\u00e1ssal kapcsolatos adatkezel\u00e9sekre egyebekben az <a title=\"https:\/\/naturadent.hu\/adatvedelmi-nyilatkozat\" href=\"https:\/\/naturadent.hu\/adatvedelmi-nyilatkozat\" target=\"_blank\" rel=\"noopener\">Data Processing Notice<\/a>\u00a0rendelkez\u00e9sei az ir\u00e1nyad\u00f3k.<\/p>\n<p>&nbsp;<\/p>\n<p>&nbsp;<\/p>\n<h2><strong>2. Linkek<\/strong><\/h2>\n<p>A weboldal, \u00e9s az azon szerepl\u0151 szolg\u00e1ltat\u00e1saink sz\u00e1mos olyan kapcsol\u00f3d\u00e1si pontot (linket) tartalmazhatnak, amely m\u00e1s szolg\u00e1ltat\u00f3k weboldalaira vezethetnek. Ezen szolg\u00e1ltat\u00f3k adat-\u00e9s inform\u00e1ci\u00f3v\u00e9delmi gyakorlat\u00e1\u00e9rt \u00fczemeltet\u0151k\u00e9nt nem v\u00e1llalunk felel\u0151ss\u00e9get. B\u00e1rki haszn\u00e1lhat weboldalra mutat\u00f3 hivatkoz\u00e1st, azonban a felhaszn\u00e1l\u00e1s m\u00f3dja \u00e9s terjedelme nem s\u00e9rtheti a jelen Jogi nyilatkozat 4. pontban meghat\u00e1rozott felt\u00e9teleket, a weboldal tartalma k\u00f6r\u00e9 nem k\u00e9sz\u00edthet\u0151 frame (keret-) rendszer, valamint nem enged\u00e9lyezett az \u00fczemeltet\u0151 j\u00f3 h\u00edrnev\u00e9t s\u00e9rt\u0151 tartalom.<\/p>\n<p>&nbsp;<\/p>\n<p>&nbsp;<\/p>\n<h2><strong>3. A felel\u0151ss\u00e9g kiz\u00e1r\u00e1sa<\/strong><\/h2>\n<p>Tekintettel arra, hogy az Internet ny\u00edlt, \u00edgy biztons\u00e1gosnak nem tekinthet\u0151 h\u00e1l\u00f3zat, az elektronikus form\u00e1ban tov\u00e1bb\u00edtott \u00fczenetek megsemmis\u00fcl\u00e9se, k\u00e9sedelmes meg\u00e9rkez\u00e9se, egy\u00e9b hib\u00e1ja miatt be\u00e1ll\u00f3 k\u00e1rok tekintet\u00e9ben az \u00fczemeltet\u0151 minden k\u00e1rt\u00e9r\u00edt\u00e9si felel\u0151ss\u00e9get kiz\u00e1r. Az \u00fczemeltet\u0151 nem v\u00e1llal felel\u0151ss\u00e9get a weboldallal kapcsolatban annak haszn\u00e1lat\u00e1b\u00f3l, haszn\u00e1latra k\u00e9ptelen \u00e1llapot\u00e1b\u00f3l, nem megfelel\u0151 m\u0171k\u00f6d\u00e9s\u00e9b\u0151l, meghib\u00e1sod\u00e1s\u00e1b\u00f3l, vonal-vagy rendszerhib\u00e1b\u00f3l ered\u0151 k\u00e1rok\u00e9rt, amennyiben azok a weboldalon tal\u00e1lhat\u00f3 adatoknak az \u00fczemeltet\u0151t\u0151l f\u00fcggetlen, vagy rajta k\u00edv\u00fcl\u00e1ll\u00f3 m\u00e1s szem\u00e9ly \u00e1ltal t\u00f6rt\u00e9n\u0151 illet\u00e9ktelen megv\u00e1ltoztat\u00e1sa k\u00f6vetkezt\u00e9ben, vagy egy\u00e9b hasonl\u00f3 ok folyt\u00e1n keletkeznek. A felhaszn\u00e1l\u00f3k rosszindulat\u00fa programok elleni nem megfelel\u0151 v\u00e9delm\u00e9b\u0151l ad\u00f3d\u00f3 fert\u0151z\u00e9sek, t\u00e1mad\u00e1sok, \u00e9s ez\u00e1ltal t\u00f6rt\u00e9n\u0151 adatlop\u00e1s, adatveszt\u00e9s, vagy az adatok b\u00e1rki \u00e1ltal t\u00f6rt\u00e9n\u0151 megv\u00e1ltoztat\u00e1sa k\u00f6vetkezt\u00e9ben keletkez\u0151 k\u00e1rok\u00e9rt az \u00fczemeltet\u0151 szint\u00e9n nem v\u00e1llal felel\u0151ss\u00e9get. Az \u00fczemeltet\u0151 nem v\u00e1llal felel\u0151ss\u00e9get a felhaszn\u00e1l\u00f3 b\u00e1rmif\u00e9le olyan tev\u00e9kenys\u00e9g\u00e9b\u0151l keletkez\u0151 k\u00e1ra eset\u00e9re, amelynek megt\u00f6rt\u00e9nt\u00e9t a weboldalon k\u00f6zz\u00e9tett inform\u00e1ci\u00f3 okozta, valamint a weboldalon szerepl\u0151 bizonyos inform\u00e1ci\u00f3k helytelens\u00e9ge, hi\u00e1nyoss\u00e1ga vagy elavults\u00e1ga miatt.<\/p>\n<p>&nbsp;<\/p>\n<p>&nbsp;<\/p>\n<h2><strong>4. Szerz\u0151i jogok<\/strong><\/h2>\n<p>A weboldal tartalma &#8211; bele\u00e9rtve, de nem kiz\u00e1r\u00f3lagoss\u00e1ggal a weboldalon szerepl\u0151 valamennyi sz\u00f6veg, k\u00e9p, illusztr\u00e1ci\u00f3, hang, szoftver \u00e9s egy\u00e9b anyag szerz\u0151i vagy v\u00e9djegyjogait &#8211; elt\u00e9r\u0151 megjel\u00f6l\u00e9s hi\u00e1ny\u00e1ban az \u00fczemeltet\u0151 szellemi alkot\u00e1sa, mely \u00edgy csak bizonyos jogszab\u00e1lyi korl\u00e1tok k\u00f6z\u00f6tt haszn\u00e1lhat\u00f3 fel. A weboldalon tal\u00e1lhat\u00f3 anyagokat a felhaszn\u00e1l\u00f3 nem jogosult m\u00f3dos\u00edtani, \u00fajra el\u0151\u00e1ll\u00edtani, nyilv\u00e1nosan k\u00f6zz\u00e9tenni, el\u0151adni, terjeszteni, illetve egy\u00e9b m\u00f3don a nyilv\u00e1noss\u00e1got szolg\u00e1l\u00f3, vagy kereskedelmi c\u00e9lzattal felhaszn\u00e1lni. A jelen felt\u00e9telek \u00e9rtelm\u00e9ben ezen anyagok m\u00e1s Internetes, illetve k\u00f6z\u00f6ss\u00e9gi oldalakon, valamint sz\u00e1m\u00edt\u00f3g\u00e9pes h\u00e1l\u00f3zati rendszerekben val\u00f3 b\u00e1rmilyen c\u00e9l\u00fa felhaszn\u00e1l\u00e1sa tilos. A weboldalon tal\u00e1lhat\u00f3 tartalom szerz\u0151i jogi v\u00e9delem alatt \u00e1ll, melynek enged\u00e9ly n\u00e9lk\u00fcli felhaszn\u00e1l\u00e1sa szerz\u0151i jogi, szabadalmi, v\u00e9djegyoltalomr\u00f3l sz\u00f3l\u00f3, \u00e9s egy\u00e9b jogszab\u00e1lyokba \u00fctk\u00f6zik \u00e9s az ott meghat\u00e1rozott jogk\u00f6vetkezm\u00e9nyeket vonja maga ut\u00e1n. A szerz\u0151i jogi v\u00e9delem \u00e9s a v\u00e9djegyoltalom megs\u00e9rt\u00e9se eset\u00e9n az \u00fczemeltet\u0151 a jogs\u00e9rt\u0151vel szemben a szerz\u0151i jog- \u00e9s v\u00e9djegybitorl\u00e1s miatt a t\u00f6rv\u00e9nyben biztos\u00edtott oltalmi eszk\u00f6z\u00f6k ig\u00e9nybev\u00e9tel\u00e9re jogosult.<\/p>\n<p>&nbsp;<\/p>\n<p>Az \u00fczemeltet\u0151 azonban hozz\u00e1j\u00e1rul ahhoz, hogy a felhaszn\u00e1l\u00f3 saj\u00e1t, szem\u00e9lyes haszn\u00e1latra a weboldal kivonatait saj\u00e1t sz\u00e1m\u00edt\u00f3g\u00e9pen t\u00e1rolja, vagy kinyomtassa. B\u00e1rmif\u00e9le \u00fczleti jelleg\u0171 felhaszn\u00e1l\u00e1shoz azonban az \u00fczemeltet\u0151 el\u0151zetes, \u00edr\u00e1sbeli hozz\u00e1j\u00e1rul\u00e1sa sz\u00fcks\u00e9ges. A felhaszn\u00e1l\u00f3nak jog\u00e1ban \u00e1ll a weboldal eg\u00e9sz\u00e9t, vagy egyes r\u00e9szeit kinyomtatni, vagy merevlemezre let\u00f6lteni, \u00e9s m\u00e1s szem\u00e9lyekkel megosztani, felt\u00e9ve hogy ezt kiz\u00e1r\u00f3lag t\u00e1j\u00e9koztat\u00f3 jelleggel teszi. A felhaszn\u00e1l\u00f3 \u00e1ltal k\u00e9sz\u00edtett valamennyi m\u00e1solatnak tartalmaznia kell a k\u00f6vetkez\u0151 szerz\u0151i jogi nyilatkozatot:\u00a0<em>Copyright\u00a9NaturaDENT Kft. Minden jog fenntartva.<\/em><strong>\u00a0<\/strong><\/p>\n<p>&nbsp;<\/p>\n<p>Amennyiben a felhaszn\u00e1l\u00f3 \u00f6nk\u00e9nt anyagot (ide\u00e9rtve minden sz\u00f6veges, illetve egy\u00e9b k\u00f3dot tartalmaz\u00f3 f\u00e1jlt, tov\u00e1bb\u00e1 k\u00e9p-, hang-, \u00e9s ezeket egyszerre tartalmaz\u00f3 \u00e1llom\u00e1nyt, futtathat\u00f3 \u00e9s nem futtathat\u00f3 b\u00e1rmilyen \u00e1llom\u00e1nyt) k\u00fcld az \u00fczemeltet\u0151nek a weboldalon kereszt\u00fcl, vagy az egy\u00e9b el\u00e9rhet\u0151s\u00e9geken, az anyag \u00f6nk\u00e9ntes bek\u00fcld\u00e9s\u00e9vel hozz\u00e1j\u00e1rul ahhoz, hogy az \u00f6nk\u00e9nt bek\u00fcld\u00f6tt anyagra az \u00fczemeltet\u0151 ellen\u00e9rt\u00e9k fizet\u00e9se n\u00e9lk\u00fcl, nem kiz\u00e1r\u00f3lagos felhaszn\u00e1l\u00e1si jogot szerezzen, \u00e9s \u00edgy ezen m\u0171vek az \u00fczemeltet\u0151 saj\u00e1t bel\u00e1t\u00e1sa szerint ker\u00fclnek felhaszn\u00e1l\u00e1sra (t\u00f6bbsz\u00f6r\u00f6z\u00e9sre, terjeszt\u00e9sre, nyilv\u00e1nos el\u0151ad\u00e1sra, nyilv\u00e1noss\u00e1ghoz k\u00f6zvet\u00edt\u00e9sre, \u00e1tdolgoz\u00e1sra, ki\u00e1ll\u00edt\u00e1sra vagy t\u00f6rl\u00e9sre). Ha a felhaszn\u00e1l\u00f3 b\u00e1rmilyen inform\u00e1ci\u00f3t vagy anyagot k\u00fcld az \u00fczemeltet\u0151nek, ezzel beleegyezik abba, hogy ezt az inform\u00e1ci\u00f3t \u00e9s anyagot az \u00fczemeltet\u0151 a tetsz\u00e9se szerint, t\u00e9r\u00edt\u00e9smentesen felhaszn\u00e1lhatja, \u00e9s meger\u0151s\u00edti azt, hogy ez a haszn\u00e1lat nem s\u00e9rti m\u00e1s szem\u00e9lyek jogait. A weboldal azon r\u00e9szein, ahol a weboldal felhaszn\u00e1l\u00f3i \u00e1ltal bek\u00fcld\u00f6tt inform\u00e1ci\u00f3k szerepelnek, a bek\u00fcld\u00f6tt inform\u00e1ci\u00f3kat az \u00fczemeltet\u0151 nem ellen\u0151rzi, illetve nem k\u00f6teless\u00e9ge az ilyen inform\u00e1ci\u00f3k figyel\u00e9se, \u00e9s semmilyen felel\u0151ss\u00e9get nem v\u00e1llal az ilyen inform\u00e1ci\u00f3k\u00e9rt, azok tartalm\u00e1\u00e9rt. Az \u00fczemeltet fenntartja a jogot arra, hogy b\u00e1rminem\u0171 ilyen inform\u00e1ci\u00f3t b\u00e1rmikor, el\u0151zetes \u00e9rtes\u00edt\u00e9s n\u00e9lk\u00fcl, saj\u00e1t bel\u00e1t\u00e1sa szerint szerkesszen, vagy elt\u00e1vol\u00edtson a weboldalr\u00f3l.<\/p>\n<p>&nbsp;<\/p>\n<p>&nbsp;<\/p>\n<h2><strong>5. Vegyes rendelkez\u00e9sek<\/strong><\/h2>\n<p>A weboldal tartalm\u00e1t az \u00fczemeltet\u0151 a lehet\u0151 leggondosabban \u00e1ll\u00edtotta \u00f6ssze. A weboldal azonban kiz\u00e1r\u00f3lag t\u00e1j\u00e9koztat\u00f3 jelleggel m\u0171k\u00f6dik, \u00edgy az abban szerepl\u0151 adatok, akci\u00f3k nem min\u0151s\u00fclnek aj\u00e1nlatt\u00e9telnek, vagy orvosi tan\u00e1csnak. Az \u00fczemeltet\u0151 jogosult a felt\u00e9telek tartalm\u00e1t saj\u00e1t hat\u00e1sk\u00f6r\u00e9ben b\u00e1rmikor m\u00f3dos\u00edtani, \u00edgy az \u00fczemeltet\u0151 azt javasolja, hogy a weboldalt id\u0151r\u0151l-id\u0151re ism\u00e9t tanulm\u00e1nyozza \u00e1t, hogy mindig a hat\u00e1lyos inform\u00e1ci\u00f3k birtok\u00e1ban legyen.<\/p>\n<p>&nbsp;<\/p>\n<p>&nbsp;<\/p>\n<h2><strong>6. El\u0151fordul\u00f3 hib\u00e1k<\/strong><\/h2>\n<p>A weboldalon megjelen\u00edtett inform\u00e1ci\u00f3k kiz\u00e1r\u00f3lag t\u00e1j\u00e9koztat\u00e1s c\u00e9lj\u00e1b\u00f3l ker\u00fclnek k\u00f6zz\u00e9t\u00e9telre, azok pontoss\u00e1g\u00e1\u00e9rt illetve naprak\u00e9sz mivolt\u00e1\u00e9rt az \u00fczemeltet\u0151 semmilyen felel\u0151ss\u00e9get nem v\u00e1llal. A weboldalon el\u00e9rhet\u0151 szolg\u00e1ltat\u00e1sok hat\u00e1lyos felt\u00e9teleit az \u00fczemeltet\u0151 \u00c1SZF-je tartalmazza. Ha b\u00e1rmilyen k\u00e9rd\u00e9se vagy panasza lenne weboldalunkkal kapcsolatban, forduljon hozz\u00e1nk az al\u00e1bbi el\u00e9rhet\u0151s\u00e9geinken: NaturaDENT Service Fog\u00e1szati, Kereskedelmi \u00e9s Szolg\u00e1ltat\u00f3 Kft. 1056 Budapest, V\u00e1ci u. 81., Telefonsz\u00e1m: +36 1 789 0690, vagy info@naturadent.hu elektronikus postafi\u00f3k.<\/p>\n<p>&nbsp;<\/p>","protected":false},"excerpt":{"rendered":"<p>&nbsp; Tisztelt L\u00e1togat\u00f3nk! Az \u00d6n \u00e1ltal most megnyitott weboldal egy olyan webdokumentum, mely megfelel a World Wide Web sz\u00e1m\u00e1ra, \u00e9s alkalmas arra, hogy egy\u00a0webb\u00f6ng\u00e9sz\u0151\u00a0megjelen\u00edtse. K\u00e9rj\u00fck, hogy a weboldal haszn\u00e1lata el\u0151tt olvassa el figyelmesen ezt a Jogi nyilatkozatot. Ez a Jogi nyilatkozat szab\u00e1lyozza a weboldal \u00e9s a rajta szerepl\u0151 valamennyi anyag \u00d6n \u00e1ltali haszn\u00e1lat\u00e1t. A weboldal [&hellip;]<\/p>\n","protected":false},"author":1,"featured_media":0,"parent":0,"menu_order":0,"comment_status":"closed","ping_status":"closed","template":"","meta":{"footnotes":""},"class_list":["post-3149","page","type-page","status-publish","hentry"],"_links":{"self":[{"href":"https:\/\/naturadent.lionstackailab.hu\/en\/wp-json\/wp\/v2\/pages\/3149","targetHints":{"allow":["GET"]}}],"collection":[{"href":"https:\/\/naturadent.lionstackailab.hu\/en\/wp-json\/wp\/v2\/pages"}],"about":[{"href":"https:\/\/naturadent.lionstackailab.hu\/en\/wp-json\/wp\/v2\/types\/page"}],"author":[{"embeddable":true,"href":"https:\/\/naturadent.lionstackailab.hu\/en\/wp-json\/wp\/v2\/users\/1"}],"replies":[{"embeddable":true,"href":"https:\/\/naturadent.lionstackailab.hu\/en\/wp-json\/wp\/v2\/comments?post=3149"}],"version-history":[{"count":0,"href":"https:\/\/naturadent.lionstackailab.hu\/en\/wp-json\/wp\/v2\/pages\/3149\/revisions"}],"wp:attachment":[{"href":"https:\/\/naturadent.lionstackailab.hu\/en\/wp-json\/wp\/v2\/media?parent=3149"}],"curies":[{"name":"wp","href":"https:\/\/api.w.org\/{rel}","templated":true}]}}